{"id":115,"date":"2022-08-31T14:52:32","date_gmt":"2022-08-31T18:52:32","guid":{"rendered":"http:\/\/conttatcontabilidade.com.br\/?page_id=115"},"modified":"2022-08-31T15:57:34","modified_gmt":"2022-08-31T19:57:34","slug":"contabilidade-fiscal-e-gerencial","status":"publish","type":"page","link":"https:\/\/conttatcontabilidade.com.br\/?page_id=115","title":{"rendered":"Contabilidade fiscal e gerencial"},"content":{"rendered":"<p><span style=\"color: #333333;\">Planejamento tribut\u00e1rio completo;<\/span><br \/>\n<span style=\"color: #333333;\">Classifica\u00e7\u00e3o e escritura\u00e7\u00e3o de documentos;<\/span><br \/>\n<span style=\"color: #333333;\">Balan\u00e7o patrimonial e demonstrativos financeiros para m\u00faltiplos CNPJs;<\/span><br \/>\n<span style=\"color: #333333;\">Balancete mensal, com as devidas concilia\u00e7\u00f5es;<\/span><br \/>\n<span style=\"color: #333333;\">C\u00e1lculos de impostos e elabora\u00e7\u00e3o de guias de recolhimento;<\/span><br \/>\n<span style=\"color: #333333;\">Escritura\u00e7\u00e3o Cont\u00e1bil Fiscal \u2013 ECF, sob os regimes do Lucro Real e do Lucro Presumido;<\/span><br \/>\n<span style=\"color: #333333;\">Emiss\u00e3o do livro Di\u00e1rio e Raz\u00e3o,<\/span><br \/>\n<span style=\"color: #333333;\">Contabilidade internacional, IFRS;<\/span><br \/>\n<span style=\"color: #333333;\">Gera\u00e7\u00e3o e transmiss\u00e3o do SPED Cont\u00e1bil \u2013 ECD;<\/span><br \/>\n<span style=\"color: #333333;\">Contabilidade por centro de resultados ou segmentos de neg\u00f3cio;<\/span><br \/>\n<span style=\"color: #333333;\">Relat\u00f3rios para controladoras estrangeiras em formatos espec\u00edficos;<\/span><br \/>\n<span style=\"color: #333333;\">Demonstra\u00e7\u00e3o de resultados por segmento de neg\u00f3cio.<\/span><\/p>\n","protected":false},"excerpt":{"rendered":"<p>Planejamento tribut\u00e1rio completo; Classifica\u00e7\u00e3o e escritura\u00e7\u00e3o de documentos; Balan\u00e7o patrimonial e demonstrativos financeiros para m\u00faltiplos CNPJs; Balancete mensal, com as devidas concilia\u00e7\u00f5es; C\u00e1lculos de impostos e elabora\u00e7\u00e3o de guias de recolhimento; Escritura\u00e7\u00e3o Cont\u00e1bil Fiscal \u2013 ECF, sob os regimes do Lucro Real e do Lucro Presumido; Emiss\u00e3o do livro Di\u00e1rio e Raz\u00e3o, Contabilidade internacional, IFRS; &hellip; <\/p>\n<p class=\"link-more\"><a href=\"https:\/\/conttatcontabilidade.com.br\/?page_id=115\" class=\"more-link\">Continue lendo<span class=\"screen-reader-text\"> &#8220;Contabilidade fiscal e gerencial&#8221;<\/span><\/a><\/p>\n","protected":false},"author":1,"featured_media":0,"parent":0,"menu_order":0,"comment_status":"closed","ping_status":"closed","template":"","meta":{"footnotes":""},"class_list":["post-115","page","type-page","status-publish","hentry"],"_links":{"self":[{"href":"https:\/\/conttatcontabilidade.com.br\/index.php?rest_route=\/wp\/v2\/pages\/115","targetHints":{"allow":["GET"]}}],"collection":[{"href":"https:\/\/conttatcontabilidade.com.br\/index.php?rest_route=\/wp\/v2\/pages"}],"about":[{"href":"https:\/\/conttatcontabilidade.com.br\/index.php?rest_route=\/wp\/v2\/types\/page"}],"author":[{"embeddable":true,"href":"https:\/\/conttatcontabilidade.com.br\/index.php?rest_route=\/wp\/v2\/users\/1"}],"replies":[{"embeddable":true,"href":"https:\/\/conttatcontabilidade.com.br\/index.php?rest_route=%2Fwp%2Fv2%2Fcomments&post=115"}],"version-history":[{"count":9,"href":"https:\/\/conttatcontabilidade.com.br\/index.php?rest_route=\/wp\/v2\/pages\/115\/revisions"}],"predecessor-version":[{"id":141,"href":"https:\/\/conttatcontabilidade.com.br\/index.php?rest_route=\/wp\/v2\/pages\/115\/revisions\/141"}],"wp:attachment":[{"href":"https:\/\/conttatcontabilidade.com.br\/index.php?rest_route=%2Fwp%2Fv2%2Fmedia&parent=115"}],"curies":[{"name":"wp","href":"https:\/\/api.w.org\/{rel}","templated":true}]}}