{"id":130,"date":"2022-08-31T15:48:55","date_gmt":"2022-08-31T19:48:55","guid":{"rendered":"http:\/\/conttatcontabilidade.com.br\/?page_id=130"},"modified":"2022-08-31T15:59:06","modified_gmt":"2022-08-31T19:59:06","slug":"departamento-pessoal","status":"publish","type":"page","link":"https:\/\/conttatcontabilidade.com.br\/?page_id=130","title":{"rendered":"Departamento pessoal"},"content":{"rendered":"<p><span style=\"color: #333333;\">An\u00e1lise e aplica\u00e7\u00e3o da conven\u00e7\u00e3o coletiva na Folha de Pagamento;<\/span><br \/>\n<span style=\"color: #333333;\">Consultoria t\u00e9cnica sobre a legisla\u00e7\u00e3o \u2013 CLT;<\/span><br \/>\n<span style=\"color: #333333;\">Assessoria e implanta\u00e7\u00e3o de sistemas de controle de ponto;<\/span><br \/>\n<span style=\"color: #333333;\">Aquisi\u00e7\u00e3o dos Benef\u00edcios de forma eletr\u00f4nica;<\/span><br \/>\n<span style=\"color: #333333;\">Rotina completa de admiss\u00e3o, demiss\u00e3o, homologa\u00e7\u00f5es, SST e afastamentos;<\/span><br \/>\n<span style=\"color: #333333;\">Adiantamentos, pr\u00f3-labore, folha de pagamento, controle de f\u00e9rias e 13\u00b0;<\/span><br \/>\n<span style=\"color: #333333;\">An\u00e1lise e aplica\u00e7\u00e3o da conven\u00e7\u00e3o coletiva na Folha de Pagamento;<\/span><br \/>\n<span style=\"color: #333333;\">Consultoria t\u00e9cnica sobre a legisla\u00e7\u00e3o \u2013 CLT;<\/span><br \/>\n<span style=\"color: #333333;\">Assessoria e implanta\u00e7\u00e3o de sistemas de controle de ponto;<\/span><br \/>\n<span style=\"color: #333333;\">Aquisi\u00e7\u00e3o dos Benef\u00edcios de forma eletr\u00f4nica;<\/span><br \/>\n<span style=\"color: #333333;\">Rotina completa de admiss\u00e3o, demiss\u00e3o, homologa\u00e7\u00f5es, SST e afastamentos;<\/span><br \/>\n<span style=\"color: #333333;\">Adiantamentos, pr\u00f3-labore, folha de pagamento, controle de f\u00e9rias e 13\u00b0.<\/span><\/p>\n","protected":false},"excerpt":{"rendered":"<p>An\u00e1lise e aplica\u00e7\u00e3o da conven\u00e7\u00e3o coletiva na Folha de Pagamento; Consultoria t\u00e9cnica sobre a legisla\u00e7\u00e3o \u2013 CLT; Assessoria e implanta\u00e7\u00e3o de sistemas de controle de ponto; Aquisi\u00e7\u00e3o dos Benef\u00edcios de forma eletr\u00f4nica; Rotina completa de admiss\u00e3o, demiss\u00e3o, homologa\u00e7\u00f5es, SST e afastamentos; Adiantamentos, pr\u00f3-labore, folha de pagamento, controle de f\u00e9rias e 13\u00b0; An\u00e1lise e aplica\u00e7\u00e3o da &hellip; <\/p>\n<p class=\"link-more\"><a href=\"https:\/\/conttatcontabilidade.com.br\/?page_id=130\" class=\"more-link\">Continue lendo<span class=\"screen-reader-text\"> &#8220;Departamento pessoal&#8221;<\/span><\/a><\/p>\n","protected":false},"author":1,"featured_media":0,"parent":0,"menu_order":0,"comment_status":"closed","ping_status":"closed","template":"","meta":{"footnotes":""},"class_list":["post-130","page","type-page","status-publish","hentry"],"_links":{"self":[{"href":"https:\/\/conttatcontabilidade.com.br\/index.php?rest_route=\/wp\/v2\/pages\/130","targetHints":{"allow":["GET"]}}],"collection":[{"href":"https:\/\/conttatcontabilidade.com.br\/index.php?rest_route=\/wp\/v2\/pages"}],"about":[{"href":"https:\/\/conttatcontabilidade.com.br\/index.php?rest_route=\/wp\/v2\/types\/page"}],"author":[{"embeddable":true,"href":"https:\/\/conttatcontabilidade.com.br\/index.php?rest_route=\/wp\/v2\/users\/1"}],"replies":[{"embeddable":true,"href":"https:\/\/conttatcontabilidade.com.br\/index.php?rest_route=%2Fwp%2Fv2%2Fcomments&post=130"}],"version-history":[{"count":2,"href":"https:\/\/conttatcontabilidade.com.br\/index.php?rest_route=\/wp\/v2\/pages\/130\/revisions"}],"predecessor-version":[{"id":143,"href":"https:\/\/conttatcontabilidade.com.br\/index.php?rest_route=\/wp\/v2\/pages\/130\/revisions\/143"}],"wp:attachment":[{"href":"https:\/\/conttatcontabilidade.com.br\/index.php?rest_route=%2Fwp%2Fv2%2Fmedia&parent=130"}],"curies":[{"name":"wp","href":"https:\/\/api.w.org\/{rel}","templated":true}]}}