{"id":134,"date":"2022-08-31T15:51:01","date_gmt":"2022-08-31T19:51:01","guid":{"rendered":"http:\/\/conttatcontabilidade.com.br\/?page_id=134"},"modified":"2022-08-31T15:59:36","modified_gmt":"2022-08-31T19:59:36","slug":"legalizacao","status":"publish","type":"page","link":"https:\/\/conttatcontabilidade.com.br\/?page_id=134","title":{"rendered":"Legaliza\u00e7\u00e3o"},"content":{"rendered":"<p style=\"text-align: center;\"><strong>Atendimento completo em processos de regulariza\u00e7\u00e3o<\/strong><br \/>\n<strong>para manter o compliance empresarial<\/strong><\/p>\n<p><span style=\"color: #333333;\">Toda a rotina de abertura, altera\u00e7\u00e3o e cancelamento de empresas;<\/span><br \/>\n<span style=\"color: #333333;\">Processos de regulariza\u00e7\u00e3o, incluindo compensa\u00e7\u00e3o de impostos;<\/span><br \/>\n<span style=\"color: #333333;\">Parcelamento de d\u00e9bitos;<\/span><br \/>\n<span style=\"color: #333333;\">Atualiza\u00e7\u00f5es cadastrais diversas; Provid\u00eancias para emiss\u00e3o e CND, Certid\u00e3o Negativa de D\u00e9bito;<\/span><br \/>\n<span style=\"color: #333333;\">Atendimento \u00e0 fiscaliza\u00e7\u00f5es e notifica\u00e7\u00f5es dos \u00f3rg\u00e3os fiscalizadores;<\/span><br \/>\n<span style=\"color: #333333;\">Assessoria para obten\u00e7\u00e3o de licen\u00e7as diversas.<\/span><\/p>\n","protected":false},"excerpt":{"rendered":"<p>Atendimento completo em processos de regulariza\u00e7\u00e3o para manter o compliance empresarial Toda a rotina de abertura, altera\u00e7\u00e3o e cancelamento de empresas; Processos de regulariza\u00e7\u00e3o, incluindo compensa\u00e7\u00e3o de impostos; Parcelamento de d\u00e9bitos; Atualiza\u00e7\u00f5es cadastrais diversas; Provid\u00eancias para emiss\u00e3o e CND, Certid\u00e3o Negativa de D\u00e9bito; Atendimento \u00e0 fiscaliza\u00e7\u00f5es e notifica\u00e7\u00f5es dos \u00f3rg\u00e3os fiscalizadores; Assessoria para obten\u00e7\u00e3o de &hellip; <\/p>\n<p class=\"link-more\"><a href=\"https:\/\/conttatcontabilidade.com.br\/?page_id=134\" class=\"more-link\">Continue lendo<span class=\"screen-reader-text\"> &#8220;Legaliza\u00e7\u00e3o&#8221;<\/span><\/a><\/p>\n","protected":false},"author":1,"featured_media":0,"parent":0,"menu_order":0,"comment_status":"closed","ping_status":"closed","template":"","meta":{"footnotes":""},"class_list":["post-134","page","type-page","status-publish","hentry"],"_links":{"self":[{"href":"https:\/\/conttatcontabilidade.com.br\/index.php?rest_route=\/wp\/v2\/pages\/134","targetHints":{"allow":["GET"]}}],"collection":[{"href":"https:\/\/conttatcontabilidade.com.br\/index.php?rest_route=\/wp\/v2\/pages"}],"about":[{"href":"https:\/\/conttatcontabilidade.com.br\/index.php?rest_route=\/wp\/v2\/types\/page"}],"author":[{"embeddable":true,"href":"https:\/\/conttatcontabilidade.com.br\/index.php?rest_route=\/wp\/v2\/users\/1"}],"replies":[{"embeddable":true,"href":"https:\/\/conttatcontabilidade.com.br\/index.php?rest_route=%2Fwp%2Fv2%2Fcomments&post=134"}],"version-history":[{"count":4,"href":"https:\/\/conttatcontabilidade.com.br\/index.php?rest_route=\/wp\/v2\/pages\/134\/revisions"}],"predecessor-version":[{"id":144,"href":"https:\/\/conttatcontabilidade.com.br\/index.php?rest_route=\/wp\/v2\/pages\/134\/revisions\/144"}],"wp:attachment":[{"href":"https:\/\/conttatcontabilidade.com.br\/index.php?rest_route=%2Fwp%2Fv2%2Fmedia&parent=134"}],"curies":[{"name":"wp","href":"https:\/\/api.w.org\/{rel}","templated":true}]}}